{"id":163,"date":"2020-04-13T17:18:49","date_gmt":"2020-04-13T17:18:49","guid":{"rendered":"http:\/\/104.155.22.190\/?page_id=163"},"modified":"2020-06-06T13:50:21","modified_gmt":"2020-06-06T13:50:21","slug":"bunteto-jog","status":"publish","type":"page","link":"https:\/\/vadaszandras.hu\/index.php\/bunteto-jog\/","title":{"rendered":"B\u00fcntet\u0151jog"},"content":{"rendered":"\n<p class=\"has-text-align-justify\">Ha tudom\u00e1s\u00e1ra jut, hogy b\u00fcntet\u0151elj\u00e1r\u00e1s indul \u00d6n ellen, akkor azonnal forduljon \u00fcgyv\u00e9dhez. Tapasztalataim alapj\u00e1n kijelenthetem, hogy a nyomozati szakban d\u0151l el a b\u00fcntet\u0151elj\u00e1r\u00e1sok nagy h\u00e1nyada. Fontos, hogy min\u00e9l el\u0151bb tiszt\u00e1ban legyen a lehet\u0151s\u00e9geivel, a lehets\u00e9ges kimenetelekkel, illetve, hogy sz\u00e1momra is biztos\u00edtsa azt a mozg\u00e1steret, ami sz\u00fcks\u00e9ges a v\u00e9d\u0151i feladat eredm\u00e9nyes ell\u00e1t\u00e1shoz.&nbsp;<\/p>\n\n\n\n<p class=\"has-text-align-justify\">A b\u00fcntet\u0151elj\u00e1r\u00e1sban egy \u00fcgyv\u00e9d nem csak kiz\u00e1r\u00f3lag v\u00e9d\u0151k\u00e9nt vesz r\u00e9szt. \u00dcgyv\u00e9dk\u00e9nt seg\u00edthetek a b\u00fcntet\u0151elj\u00e1r\u00e1s m\u00e1s szerepl\u0151inek is, hogy hat\u00e9konyan \u00e9rv\u00e9nyes\u00edthess\u00e9k jogaikat. \u00cdgy elj\u00e1rhatok s\u00e9rtett k\u00e9pvisel\u0151jek\u00e9nt, a tan\u00fa \u00e9rdek\u00e9ben elj\u00e1rva jelen lehetek az \u00d6n kihallgat\u00e1s\u00e1n, k\u00e9pviselem az \u00fcgy\u00e9szs\u00e9g helyett a v\u00e1dat mag\u00e1nv\u00e1das vagy p\u00f3tmag\u00e1nv\u00e1das elj\u00e1r\u00e1sban.<\/p>\n","protected":false},"excerpt":{"rendered":"<p>Ha tudom\u00e1s\u00e1ra jut, hogy b\u00fcntet\u0151elj\u00e1r\u00e1s indul \u00d6n ellen, akkor azonnal forduljon \u00fcgyv\u00e9dhez. Tapasztalataim alapj\u00e1n kijelenthetem, hogy a nyomozati szakban d\u0151l el a b\u00fcntet\u0151elj\u00e1r\u00e1sok nagy h\u00e1nyada. Fontos, hogy min\u00e9l el\u0151bb tiszt\u00e1ban legyen a lehet\u0151s\u00e9geivel, a lehets\u00e9ges kimenetelekkel, illetve, hogy sz\u00e1momra is biztos\u00edtsa azt a mozg\u00e1steret, ami sz\u00fcks\u00e9ges a v\u00e9d\u0151i feladat eredm\u00e9nyes ell\u00e1t\u00e1shoz.&nbsp; A b\u00fcntet\u0151elj\u00e1r\u00e1sban egy \u00fcgyv\u00e9d [&hellip;]<\/p>\n","protected":false},"author":1,"featured_media":0,"parent":0,"menu_order":0,"comment_status":"closed","ping_status":"closed","template":"","meta":{"_editorskit_title_hidden":false,"_editorskit_reading_time":1,"_editorskit_is_block_options_detached":false,"_editorskit_block_options_position":"{}","footnotes":""},"class_list":["post-163","page","type-page","status-publish","hentry"],"yoast_head":"<!-- This site is optimized with the Yoast SEO Premium plugin v24.7 (Yoast SEO v24.7) - https:\/\/yoast.com\/wordpress\/plugins\/seo\/ -->\n<title>B\u00fcntet\u0151jog - dr. Vad\u00e1sz Andr\u00e1s<\/title>\n<meta name=\"description\" content=\"Hat\u00e9kony v\u00e9delem b\u00fcntet\u0151- \u00e9s szab\u00e1lys\u00e9rt\u00e9si elj\u00e1r\u00e1sokban els\u0151sorban D\u00e9l-Pesten.\" \/>\n<meta name=\"robots\" content=\"index, follow, max-snippet:-1, max-image-preview:large, max-video-preview:-1\" \/>\n<link rel=\"canonical\" href=\"https:\/\/vadaszandras.hu\/index.php\/bunteto-jog\/\" \/>\n<meta property=\"og:locale\" content=\"hu_HU\" \/>\n<meta property=\"og:type\" content=\"article\" \/>\n<meta property=\"og:title\" content=\"B\u00fcntet\u0151jog\" \/>\n<meta property=\"og:description\" content=\"Hat\u00e9kony v\u00e9delem b\u00fcntet\u0151- \u00e9s szab\u00e1lys\u00e9rt\u00e9si elj\u00e1r\u00e1sokban els\u0151sorban D\u00e9l-Pesten.\" \/>\n<meta property=\"og:url\" content=\"https:\/\/vadaszandras.hu\/index.php\/bunteto-jog\/\" \/>\n<meta property=\"og:site_name\" content=\"dr. Vad\u00e1sz Andr\u00e1s\" \/>\n<meta property=\"article:modified_time\" content=\"2020-06-06T13:50:21+00:00\" \/>\n<meta name=\"twitter:card\" content=\"summary_large_image\" \/>\n<meta name=\"twitter:label1\" content=\"Becs\u00fclt olvas\u00e1si id\u0151\" \/>\n\t<meta name=\"twitter:data1\" content=\"1 perc\" \/>\n<script type=\"application\/ld+json\" class=\"yoast-schema-graph\">{\"@context\":\"https:\/\/schema.org\",\"@graph\":[{\"@type\":\"WebPage\",\"@id\":\"https:\/\/vadaszandras.hu\/index.php\/bunteto-jog\/\",\"url\":\"https:\/\/vadaszandras.hu\/index.php\/bunteto-jog\/\",\"name\":\"B\u00fcntet\u0151jog - dr. Vad\u00e1sz Andr\u00e1s\",\"isPartOf\":{\"@id\":\"https:\/\/vadaszandras.hu\/#website\"},\"datePublished\":\"2020-04-13T17:18:49+00:00\",\"dateModified\":\"2020-06-06T13:50:21+00:00\",\"description\":\"Hat\u00e9kony v\u00e9delem b\u00fcntet\u0151- \u00e9s szab\u00e1lys\u00e9rt\u00e9si elj\u00e1r\u00e1sokban els\u0151sorban D\u00e9l-Pesten.\",\"inLanguage\":\"hu\",\"potentialAction\":[{\"@type\":\"ReadAction\",\"target\":[\"https:\/\/vadaszandras.hu\/index.php\/bunteto-jog\/\"]}]},{\"@type\":\"WebSite\",\"@id\":\"https:\/\/vadaszandras.hu\/#website\",\"url\":\"https:\/\/vadaszandras.hu\/\",\"name\":\"dr. Vad\u00e1sz Andr\u00e1s\",\"description\":\"\",\"publisher\":{\"@id\":\"https:\/\/vadaszandras.hu\/#\/schema\/person\/b07396c76375f0ad7415333033d4659b\"},\"potentialAction\":[{\"@type\":\"SearchAction\",\"target\":{\"@type\":\"EntryPoint\",\"urlTemplate\":\"https:\/\/vadaszandras.hu\/?s={search_term_string}\"},\"query-input\":{\"@type\":\"PropertyValueSpecification\",\"valueRequired\":true,\"valueName\":\"search_term_string\"}}],\"inLanguage\":\"hu\"},{\"@type\":[\"Person\",\"Organization\"],\"@id\":\"https:\/\/vadaszandras.hu\/#\/schema\/person\/b07396c76375f0ad7415333033d4659b\",\"name\":\"admin\",\"image\":{\"@type\":\"ImageObject\",\"inLanguage\":\"hu\",\"@id\":\"https:\/\/vadaszandras.hu\/#\/schema\/person\/image\/\",\"url\":\"http:\/\/vadaszandras.hu\/wp-content\/uploads\/2020\/04\/icon.png\",\"contentUrl\":\"http:\/\/vadaszandras.hu\/wp-content\/uploads\/2020\/04\/icon.png\",\"width\":512,\"height\":512,\"caption\":\"admin\"},\"logo\":{\"@id\":\"https:\/\/vadaszandras.hu\/#\/schema\/person\/image\/\"},\"sameAs\":[\"http:\/\/104.155.22.190\"]}]}<\/script>\n<!-- \/ Yoast SEO Premium plugin. -->","yoast_head_json":{"title":"B\u00fcntet\u0151jog - dr. Vad\u00e1sz Andr\u00e1s","description":"Hat\u00e9kony v\u00e9delem b\u00fcntet\u0151- \u00e9s szab\u00e1lys\u00e9rt\u00e9si elj\u00e1r\u00e1sokban els\u0151sorban D\u00e9l-Pesten.","robots":{"index":"index","follow":"follow","max-snippet":"max-snippet:-1","max-image-preview":"max-image-preview:large","max-video-preview":"max-video-preview:-1"},"canonical":"https:\/\/vadaszandras.hu\/index.php\/bunteto-jog\/","og_locale":"hu_HU","og_type":"article","og_title":"B\u00fcntet\u0151jog","og_description":"Hat\u00e9kony v\u00e9delem b\u00fcntet\u0151- \u00e9s szab\u00e1lys\u00e9rt\u00e9si elj\u00e1r\u00e1sokban els\u0151sorban D\u00e9l-Pesten.","og_url":"https:\/\/vadaszandras.hu\/index.php\/bunteto-jog\/","og_site_name":"dr. Vad\u00e1sz Andr\u00e1s","article_modified_time":"2020-06-06T13:50:21+00:00","twitter_card":"summary_large_image","twitter_misc":{"Becs\u00fclt olvas\u00e1si id\u0151":"1 perc"},"schema":{"@context":"https:\/\/schema.org","@graph":[{"@type":"WebPage","@id":"https:\/\/vadaszandras.hu\/index.php\/bunteto-jog\/","url":"https:\/\/vadaszandras.hu\/index.php\/bunteto-jog\/","name":"B\u00fcntet\u0151jog - dr. Vad\u00e1sz Andr\u00e1s","isPartOf":{"@id":"https:\/\/vadaszandras.hu\/#website"},"datePublished":"2020-04-13T17:18:49+00:00","dateModified":"2020-06-06T13:50:21+00:00","description":"Hat\u00e9kony v\u00e9delem b\u00fcntet\u0151- \u00e9s szab\u00e1lys\u00e9rt\u00e9si elj\u00e1r\u00e1sokban els\u0151sorban D\u00e9l-Pesten.","inLanguage":"hu","potentialAction":[{"@type":"ReadAction","target":["https:\/\/vadaszandras.hu\/index.php\/bunteto-jog\/"]}]},{"@type":"WebSite","@id":"https:\/\/vadaszandras.hu\/#website","url":"https:\/\/vadaszandras.hu\/","name":"dr. Vad\u00e1sz Andr\u00e1s","description":"","publisher":{"@id":"https:\/\/vadaszandras.hu\/#\/schema\/person\/b07396c76375f0ad7415333033d4659b"},"potentialAction":[{"@type":"SearchAction","target":{"@type":"EntryPoint","urlTemplate":"https:\/\/vadaszandras.hu\/?s={search_term_string}"},"query-input":{"@type":"PropertyValueSpecification","valueRequired":true,"valueName":"search_term_string"}}],"inLanguage":"hu"},{"@type":["Person","Organization"],"@id":"https:\/\/vadaszandras.hu\/#\/schema\/person\/b07396c76375f0ad7415333033d4659b","name":"admin","image":{"@type":"ImageObject","inLanguage":"hu","@id":"https:\/\/vadaszandras.hu\/#\/schema\/person\/image\/","url":"http:\/\/vadaszandras.hu\/wp-content\/uploads\/2020\/04\/icon.png","contentUrl":"http:\/\/vadaszandras.hu\/wp-content\/uploads\/2020\/04\/icon.png","width":512,"height":512,"caption":"admin"},"logo":{"@id":"https:\/\/vadaszandras.hu\/#\/schema\/person\/image\/"},"sameAs":["http:\/\/104.155.22.190"]}]}},"_links":{"self":[{"href":"https:\/\/vadaszandras.hu\/index.php\/wp-json\/wp\/v2\/pages\/163","targetHints":{"allow":["GET"]}}],"collection":[{"href":"https:\/\/vadaszandras.hu\/index.php\/wp-json\/wp\/v2\/pages"}],"about":[{"href":"https:\/\/vadaszandras.hu\/index.php\/wp-json\/wp\/v2\/types\/page"}],"author":[{"embeddable":true,"href":"https:\/\/vadaszandras.hu\/index.php\/wp-json\/wp\/v2\/users\/1"}],"replies":[{"embeddable":true,"href":"https:\/\/vadaszandras.hu\/index.php\/wp-json\/wp\/v2\/comments?post=163"}],"version-history":[{"count":3,"href":"https:\/\/vadaszandras.hu\/index.php\/wp-json\/wp\/v2\/pages\/163\/revisions"}],"predecessor-version":[{"id":225,"href":"https:\/\/vadaszandras.hu\/index.php\/wp-json\/wp\/v2\/pages\/163\/revisions\/225"}],"wp:attachment":[{"href":"https:\/\/vadaszandras.hu\/index.php\/wp-json\/wp\/v2\/media?parent=163"}],"curies":[{"name":"wp","href":"https:\/\/api.w.org\/{rel}","templated":true}]}}