{"id":173,"date":"2020-04-14T15:20:15","date_gmt":"2020-04-14T15:20:15","guid":{"rendered":"http:\/\/104.155.22.190\/?page_id=173"},"modified":"2020-06-21T07:51:16","modified_gmt":"2020-06-21T07:51:16","slug":"tarsasagi-jog","status":"publish","type":"page","link":"https:\/\/vadaszandras.hu\/index.php\/tarsasagi-jog\/","title":{"rendered":"T\u00e1rsas\u00e1gi jog"},"content":{"rendered":"\n<p>Egy v\u00e1llalkoz\u00e1s elind\u00edt\u00e1sa felel\u0151s d\u00f6nt\u00e9sek l\u00e1ncolat\u00e1b\u00f3l \u00e1ll, melynek sor\u00e1n arr\u00f3l is d\u00f6nt\u00e9st kell hozni, hogy egy\u00e9ni v\u00e1llalkoz\u00e1sk\u00e9nt vagy valamely gazdas\u00e1gi t\u00e1rsas\u00e1gi form\u00e1ban \u00e9rdemes belev\u00e1gni. A t\u00e1rsas\u00e1gi forma hat\u00e1rozza meg, hogy mennyi a minim\u00e1lis indul\u00f3t\u0151ke, hogyan alakul az egyes tagok vagyoni felel\u0151ss\u00e9ge, milyen jogok illetik meg a tagokat, illetve milyen k\u00f6telezetts\u00e9gek terhelik. Meg kell hat\u00e1rozni a gazdas\u00e1gi t\u00e1rsas\u00e1gban t\u00f6bbek k\u00f6z\u00f6tt a d\u00f6nt\u00e9shozatal m\u00f3dj\u00e1t \u00e9s az abban val\u00f3 r\u00e9szv\u00e9tel szab\u00e1lyait, a t\u00e1rsas\u00e1g k\u00e9pviselet\u00e9nek form\u00e1j\u00e1t, a nyeres\u00e9g feloszt\u00e1s\u00e1nak szab\u00e1lyait \u00e9s m\u00e9g sok minden m\u00e1st. Amennyiben \u00d6nnek ilyen tervei vannak \u00e1tseg\u00edtem \u00d6nt az alap\u00edt\u00e1s \u00fatveszt\u0151j\u00e9n, elk\u00e9sz\u00edtem a gazdas\u00e1gi t\u00e1rsas\u00e1g iratait, mely alapj\u00e1n a c\u00e9gb\u00edr\u00f3s\u00e1g bejegyzi a c\u00e9get a c\u00e9gjegyz\u00e9kbe.<\/p>\n\n\n\n<p class=\"has-text-align-justify\">Term\u00e9szetesen, akkor is \u00e1llok rendelkez\u00e9s\u00e9re, ha a c\u00e9g m\u0171k\u00f6d\u00e9se sor\u00e1n mer\u00fcl fel a m\u00f3dos\u00edt\u00e1s sz\u00fcks\u00e9gess\u00e9ge vagy t\u00f6rv\u00e9nyess\u00e9gi fel\u00fcgyeleti elj\u00e1r\u00e1shoz kapcsol\u00f3d\u00f3an k\u00e9r seg\u00edts\u00e9get.<\/p>\n\n\n\n<p><\/p>\n","protected":false},"excerpt":{"rendered":"<p>Egy v\u00e1llalkoz\u00e1s elind\u00edt\u00e1sa felel\u0151s d\u00f6nt\u00e9sek l\u00e1ncolat\u00e1b\u00f3l \u00e1ll, melynek sor\u00e1n arr\u00f3l is d\u00f6nt\u00e9st kell hozni, hogy egy\u00e9ni v\u00e1llalkoz\u00e1sk\u00e9nt vagy valamely gazdas\u00e1gi t\u00e1rsas\u00e1gi form\u00e1ban \u00e9rdemes belev\u00e1gni. A t\u00e1rsas\u00e1gi forma hat\u00e1rozza meg, hogy mennyi a minim\u00e1lis indul\u00f3t\u0151ke, hogyan alakul az egyes tagok vagyoni felel\u0151ss\u00e9ge, milyen jogok illetik meg a tagokat, illetve milyen k\u00f6telezetts\u00e9gek terhelik. Meg kell hat\u00e1rozni a [&hellip;]<\/p>\n","protected":false},"author":1,"featured_media":0,"parent":0,"menu_order":0,"comment_status":"closed","ping_status":"closed","template":"","meta":{"_editorskit_title_hidden":false,"_editorskit_reading_time":1,"_editorskit_is_block_options_detached":false,"_editorskit_block_options_position":"{}","footnotes":""},"class_list":["post-173","page","type-page","status-publish","hentry"],"yoast_head":"<!-- This site is optimized with the Yoast SEO Premium plugin v24.7 (Yoast SEO v24.7) - https:\/\/yoast.com\/wordpress\/plugins\/seo\/ -->\n<title>T\u00e1rsas\u00e1gi jog - dr. Vad\u00e1sz Andr\u00e1s<\/title>\n<meta name=\"description\" content=\"Kft., bt. alap\u00edt\u00e1sa, \u00e9s m\u00e1s t\u00e1rsas\u00e1gi jogi szolg\u00e1ltat\u00e1s els\u0151sorban D\u00e9l-Pesten.\" \/>\n<meta name=\"robots\" content=\"index, follow, max-snippet:-1, max-image-preview:large, max-video-preview:-1\" \/>\n<link rel=\"canonical\" href=\"https:\/\/vadaszandras.hu\/index.php\/tarsasagi-jog\/\" \/>\n<meta property=\"og:locale\" content=\"hu_HU\" \/>\n<meta property=\"og:type\" content=\"article\" \/>\n<meta property=\"og:title\" content=\"T\u00e1rsas\u00e1gi jog\" \/>\n<meta property=\"og:description\" content=\"Kft., bt. alap\u00edt\u00e1sa, \u00e9s m\u00e1s t\u00e1rsas\u00e1gi jogi szolg\u00e1ltat\u00e1s els\u0151sorban D\u00e9l-Pesten.\" \/>\n<meta property=\"og:url\" content=\"https:\/\/vadaszandras.hu\/index.php\/tarsasagi-jog\/\" \/>\n<meta property=\"og:site_name\" content=\"dr. Vad\u00e1sz Andr\u00e1s\" \/>\n<meta property=\"article:modified_time\" content=\"2020-06-21T07:51:16+00:00\" \/>\n<meta name=\"twitter:card\" content=\"summary_large_image\" \/>\n<meta name=\"twitter:label1\" content=\"Becs\u00fclt olvas\u00e1si id\u0151\" \/>\n\t<meta name=\"twitter:data1\" content=\"1 perc\" \/>\n<script type=\"application\/ld+json\" class=\"yoast-schema-graph\">{\"@context\":\"https:\/\/schema.org\",\"@graph\":[{\"@type\":\"WebPage\",\"@id\":\"https:\/\/vadaszandras.hu\/index.php\/tarsasagi-jog\/\",\"url\":\"https:\/\/vadaszandras.hu\/index.php\/tarsasagi-jog\/\",\"name\":\"T\u00e1rsas\u00e1gi jog - dr. Vad\u00e1sz Andr\u00e1s\",\"isPartOf\":{\"@id\":\"https:\/\/vadaszandras.hu\/#website\"},\"datePublished\":\"2020-04-14T15:20:15+00:00\",\"dateModified\":\"2020-06-21T07:51:16+00:00\",\"description\":\"Kft., bt. alap\u00edt\u00e1sa, \u00e9s m\u00e1s t\u00e1rsas\u00e1gi jogi szolg\u00e1ltat\u00e1s els\u0151sorban D\u00e9l-Pesten.\",\"inLanguage\":\"hu\",\"potentialAction\":[{\"@type\":\"ReadAction\",\"target\":[\"https:\/\/vadaszandras.hu\/index.php\/tarsasagi-jog\/\"]}]},{\"@type\":\"WebSite\",\"@id\":\"https:\/\/vadaszandras.hu\/#website\",\"url\":\"https:\/\/vadaszandras.hu\/\",\"name\":\"dr. Vad\u00e1sz Andr\u00e1s\",\"description\":\"\",\"publisher\":{\"@id\":\"https:\/\/vadaszandras.hu\/#\/schema\/person\/b07396c76375f0ad7415333033d4659b\"},\"potentialAction\":[{\"@type\":\"SearchAction\",\"target\":{\"@type\":\"EntryPoint\",\"urlTemplate\":\"https:\/\/vadaszandras.hu\/?s={search_term_string}\"},\"query-input\":{\"@type\":\"PropertyValueSpecification\",\"valueRequired\":true,\"valueName\":\"search_term_string\"}}],\"inLanguage\":\"hu\"},{\"@type\":[\"Person\",\"Organization\"],\"@id\":\"https:\/\/vadaszandras.hu\/#\/schema\/person\/b07396c76375f0ad7415333033d4659b\",\"name\":\"admin\",\"image\":{\"@type\":\"ImageObject\",\"inLanguage\":\"hu\",\"@id\":\"https:\/\/vadaszandras.hu\/#\/schema\/person\/image\/\",\"url\":\"http:\/\/vadaszandras.hu\/wp-content\/uploads\/2020\/04\/icon.png\",\"contentUrl\":\"http:\/\/vadaszandras.hu\/wp-content\/uploads\/2020\/04\/icon.png\",\"width\":512,\"height\":512,\"caption\":\"admin\"},\"logo\":{\"@id\":\"https:\/\/vadaszandras.hu\/#\/schema\/person\/image\/\"},\"sameAs\":[\"http:\/\/104.155.22.190\"]}]}<\/script>\n<!-- \/ Yoast SEO Premium plugin. -->","yoast_head_json":{"title":"T\u00e1rsas\u00e1gi jog - dr. Vad\u00e1sz Andr\u00e1s","description":"Kft., bt. alap\u00edt\u00e1sa, \u00e9s m\u00e1s t\u00e1rsas\u00e1gi jogi szolg\u00e1ltat\u00e1s els\u0151sorban D\u00e9l-Pesten.","robots":{"index":"index","follow":"follow","max-snippet":"max-snippet:-1","max-image-preview":"max-image-preview:large","max-video-preview":"max-video-preview:-1"},"canonical":"https:\/\/vadaszandras.hu\/index.php\/tarsasagi-jog\/","og_locale":"hu_HU","og_type":"article","og_title":"T\u00e1rsas\u00e1gi jog","og_description":"Kft., bt. alap\u00edt\u00e1sa, \u00e9s m\u00e1s t\u00e1rsas\u00e1gi jogi szolg\u00e1ltat\u00e1s els\u0151sorban D\u00e9l-Pesten.","og_url":"https:\/\/vadaszandras.hu\/index.php\/tarsasagi-jog\/","og_site_name":"dr. Vad\u00e1sz Andr\u00e1s","article_modified_time":"2020-06-21T07:51:16+00:00","twitter_card":"summary_large_image","twitter_misc":{"Becs\u00fclt olvas\u00e1si id\u0151":"1 perc"},"schema":{"@context":"https:\/\/schema.org","@graph":[{"@type":"WebPage","@id":"https:\/\/vadaszandras.hu\/index.php\/tarsasagi-jog\/","url":"https:\/\/vadaszandras.hu\/index.php\/tarsasagi-jog\/","name":"T\u00e1rsas\u00e1gi jog - dr. Vad\u00e1sz Andr\u00e1s","isPartOf":{"@id":"https:\/\/vadaszandras.hu\/#website"},"datePublished":"2020-04-14T15:20:15+00:00","dateModified":"2020-06-21T07:51:16+00:00","description":"Kft., bt. alap\u00edt\u00e1sa, \u00e9s m\u00e1s t\u00e1rsas\u00e1gi jogi szolg\u00e1ltat\u00e1s els\u0151sorban D\u00e9l-Pesten.","inLanguage":"hu","potentialAction":[{"@type":"ReadAction","target":["https:\/\/vadaszandras.hu\/index.php\/tarsasagi-jog\/"]}]},{"@type":"WebSite","@id":"https:\/\/vadaszandras.hu\/#website","url":"https:\/\/vadaszandras.hu\/","name":"dr. Vad\u00e1sz Andr\u00e1s","description":"","publisher":{"@id":"https:\/\/vadaszandras.hu\/#\/schema\/person\/b07396c76375f0ad7415333033d4659b"},"potentialAction":[{"@type":"SearchAction","target":{"@type":"EntryPoint","urlTemplate":"https:\/\/vadaszandras.hu\/?s={search_term_string}"},"query-input":{"@type":"PropertyValueSpecification","valueRequired":true,"valueName":"search_term_string"}}],"inLanguage":"hu"},{"@type":["Person","Organization"],"@id":"https:\/\/vadaszandras.hu\/#\/schema\/person\/b07396c76375f0ad7415333033d4659b","name":"admin","image":{"@type":"ImageObject","inLanguage":"hu","@id":"https:\/\/vadaszandras.hu\/#\/schema\/person\/image\/","url":"http:\/\/vadaszandras.hu\/wp-content\/uploads\/2020\/04\/icon.png","contentUrl":"http:\/\/vadaszandras.hu\/wp-content\/uploads\/2020\/04\/icon.png","width":512,"height":512,"caption":"admin"},"logo":{"@id":"https:\/\/vadaszandras.hu\/#\/schema\/person\/image\/"},"sameAs":["http:\/\/104.155.22.190"]}]}},"_links":{"self":[{"href":"https:\/\/vadaszandras.hu\/index.php\/wp-json\/wp\/v2\/pages\/173","targetHints":{"allow":["GET"]}}],"collection":[{"href":"https:\/\/vadaszandras.hu\/index.php\/wp-json\/wp\/v2\/pages"}],"about":[{"href":"https:\/\/vadaszandras.hu\/index.php\/wp-json\/wp\/v2\/types\/page"}],"author":[{"embeddable":true,"href":"https:\/\/vadaszandras.hu\/index.php\/wp-json\/wp\/v2\/users\/1"}],"replies":[{"embeddable":true,"href":"https:\/\/vadaszandras.hu\/index.php\/wp-json\/wp\/v2\/comments?post=173"}],"version-history":[{"count":7,"href":"https:\/\/vadaszandras.hu\/index.php\/wp-json\/wp\/v2\/pages\/173\/revisions"}],"predecessor-version":[{"id":250,"href":"https:\/\/vadaszandras.hu\/index.php\/wp-json\/wp\/v2\/pages\/173\/revisions\/250"}],"wp:attachment":[{"href":"https:\/\/vadaszandras.hu\/index.php\/wp-json\/wp\/v2\/media?parent=173"}],"curies":[{"name":"wp","href":"https:\/\/api.w.org\/{rel}","templated":true}]}}