{"id":203,"date":"2020-04-21T18:51:57","date_gmt":"2020-04-21T18:51:57","guid":{"rendered":"http:\/\/104.155.22.190\/?page_id=203"},"modified":"2026-04-29T19:20:42","modified_gmt":"2026-04-29T19:20:42","slug":"kezdolap","status":"publish","type":"page","link":"https:\/\/vadaszandras.hu\/","title":{"rendered":"Kezd\u0151lap"},"content":{"rendered":"\n<figure class=\"wp-block-image size-large\"><img loading=\"lazy\" decoding=\"async\" width=\"683\" height=\"1024\" src=\"http:\/\/158.101.173.122\/wp-content\/uploads\/2020\/04\/Dr_Vadasz_Andras-4-683x1024.jpg\" alt=\"\" class=\"wp-image-208\" srcset=\"https:\/\/vadaszandras.hu\/wp-content\/uploads\/2020\/04\/Dr_Vadasz_Andras-4-683x1024.jpg 683w, https:\/\/vadaszandras.hu\/wp-content\/uploads\/2020\/04\/Dr_Vadasz_Andras-4-200x300.jpg 200w, https:\/\/vadaszandras.hu\/wp-content\/uploads\/2020\/04\/Dr_Vadasz_Andras-4-768x1152.jpg 768w, https:\/\/vadaszandras.hu\/wp-content\/uploads\/2020\/04\/Dr_Vadasz_Andras-4-1024x1536.jpg 1024w, https:\/\/vadaszandras.hu\/wp-content\/uploads\/2020\/04\/Dr_Vadasz_Andras-4-1365x2048.jpg 1365w, https:\/\/vadaszandras.hu\/wp-content\/uploads\/2020\/04\/Dr_Vadasz_Andras-4-1200x1800.jpg 1200w, https:\/\/vadaszandras.hu\/wp-content\/uploads\/2020\/04\/Dr_Vadasz_Andras-4-1980x2970.jpg 1980w, https:\/\/vadaszandras.hu\/wp-content\/uploads\/2020\/04\/Dr_Vadasz_Andras-4-scaled.jpg 1707w\" sizes=\"auto, (max-width: 683px) 100vw, 683px\" \/><\/figure>\n\n\n\n<p class=\"has-text-align-justify\"><em>\u201e\u00c1ltal\u00e1nos v\u00e9lem\u00e9ny szerint az \u00fcgyv\u00e9dek olyan minden h\u00e1jjal megkent valakik, akik egy misztikus ismerethalmaz, a szakmai udvariaskod\u00e1sok \u00e9s szertart\u00e1sok k\u00f6df\u00fcgg\u00f6nye m\u00f6g\u00f6tt sz\u00fcnet n\u00e9lk\u00fcl saj\u00e1t \u00e9rdekeik \u00e9rv\u00e9nyes\u00edt\u00e9s\u00e9n munk\u00e1lkodnak \u2013 a magunkfajta egyszer\u0171 haland\u00f3k sz\u00e1ml\u00e1j\u00e1ra.\u201d<\/em><\/p>\n\n\n\n<p><em>Mark H. McCormack<\/em><\/p>\n","protected":false},"excerpt":{"rendered":"<p>\u201e\u00c1ltal\u00e1nos v\u00e9lem\u00e9ny szerint az \u00fcgyv\u00e9dek olyan minden h\u00e1jjal megkent valakik, akik egy misztikus ismerethalmaz, a szakmai udvariaskod\u00e1sok \u00e9s szertart\u00e1sok k\u00f6df\u00fcgg\u00f6nye m\u00f6g\u00f6tt sz\u00fcnet n\u00e9lk\u00fcl saj\u00e1t \u00e9rdekeik \u00e9rv\u00e9nyes\u00edt\u00e9s\u00e9n munk\u00e1lkodnak \u2013 a magunkfajta egyszer\u0171 haland\u00f3k sz\u00e1ml\u00e1j\u00e1ra.\u201d Mark H. McCormack<\/p>\n","protected":false},"author":1,"featured_media":0,"parent":0,"menu_order":0,"comment_status":"closed","ping_status":"closed","template":"","meta":{"_editorskit_title_hidden":false,"_editorskit_reading_time":1,"_editorskit_is_block_options_detached":false,"_editorskit_block_options_position":"{}","footnotes":""},"class_list":["post-203","page","type-page","status-publish","hentry"],"yoast_head":"<!-- This site is optimized with the Yoast SEO Premium plugin v24.7 (Yoast SEO v24.7) - https:\/\/yoast.com\/wordpress\/plugins\/seo\/ -->\n<title>Kezd\u0151lap - dr. Vad\u00e1sz Andr\u00e1s<\/title>\n<meta name=\"description\" content=\"Tapasztalt \u00fcgyv\u00e9di iroda Budapest X. ker\u00fclet\u00e9ben. Polg\u00e1ri jogi tan\u00e1csad\u00e1s, szerz\u0151d\u00e9sek, peres k\u00e9pviselet. K\u00e9rjen id\u0151pontot: 06-30-8573114.&quot;\" \/>\n<meta name=\"robots\" content=\"index, follow, max-snippet:-1, max-image-preview:large, max-video-preview:-1\" \/>\n<link rel=\"canonical\" href=\"https:\/\/vadaszandras.hu\/\" \/>\n<meta property=\"og:locale\" content=\"hu_HU\" \/>\n<meta property=\"og:type\" content=\"article\" \/>\n<meta property=\"og:title\" content=\"Kezd\u0151lap\" \/>\n<meta property=\"og:description\" content=\"Tapasztalt \u00fcgyv\u00e9di iroda Budapest X. ker\u00fclet\u00e9ben. Polg\u00e1ri jogi tan\u00e1csad\u00e1s, szerz\u0151d\u00e9sek, peres k\u00e9pviselet. K\u00e9rjen id\u0151pontot: 06-30-8573114.&quot;\" \/>\n<meta property=\"og:url\" content=\"https:\/\/vadaszandras.hu\/\" \/>\n<meta property=\"og:site_name\" content=\"dr. Vad\u00e1sz Andr\u00e1s\" \/>\n<meta property=\"article:modified_time\" content=\"2026-04-29T19:20:42+00:00\" \/>\n<meta property=\"og:image\" content=\"https:\/\/vadaszandras.hu\/wp-content\/uploads\/2020\/04\/Dr_Vadasz_Andras-4-scaled.jpg\" \/>\n\t<meta property=\"og:image:width\" content=\"1707\" \/>\n\t<meta property=\"og:image:height\" content=\"2560\" \/>\n\t<meta property=\"og:image:type\" content=\"image\/jpeg\" \/>\n<meta name=\"twitter:card\" content=\"summary_large_image\" \/>\n<meta name=\"twitter:label1\" content=\"Becs\u00fclt olvas\u00e1si id\u0151\" \/>\n\t<meta name=\"twitter:data1\" content=\"1 perc\" \/>\n<script type=\"application\/ld+json\" class=\"yoast-schema-graph\">{\"@context\":\"https:\/\/schema.org\",\"@graph\":[{\"@type\":\"WebPage\",\"@id\":\"https:\/\/vadaszandras.hu\/\",\"url\":\"https:\/\/vadaszandras.hu\/\",\"name\":\"Kezd\u0151lap - dr. Vad\u00e1sz Andr\u00e1s\",\"isPartOf\":{\"@id\":\"https:\/\/vadaszandras.hu\/#website\"},\"primaryImageOfPage\":{\"@id\":\"https:\/\/vadaszandras.hu\/#primaryimage\"},\"image\":{\"@id\":\"https:\/\/vadaszandras.hu\/#primaryimage\"},\"thumbnailUrl\":\"http:\/\/158.101.173.122\/wp-content\/uploads\/2020\/04\/Dr_Vadasz_Andras-4-683x1024.jpg\",\"datePublished\":\"2020-04-21T18:51:57+00:00\",\"dateModified\":\"2026-04-29T19:20:42+00:00\",\"description\":\"Tapasztalt \u00fcgyv\u00e9di iroda Budapest X. ker\u00fclet\u00e9ben. Polg\u00e1ri jogi tan\u00e1csad\u00e1s, szerz\u0151d\u00e9sek, peres k\u00e9pviselet. K\u00e9rjen id\u0151pontot: 06-30-8573114.\\\"\",\"inLanguage\":\"hu\",\"potentialAction\":[{\"@type\":\"ReadAction\",\"target\":[\"https:\/\/vadaszandras.hu\/\"]}]},{\"@type\":\"ImageObject\",\"inLanguage\":\"hu\",\"@id\":\"https:\/\/vadaszandras.hu\/#primaryimage\",\"url\":\"http:\/\/158.101.173.122\/wp-content\/uploads\/2020\/04\/Dr_Vadasz_Andras-4-683x1024.jpg\",\"contentUrl\":\"http:\/\/158.101.173.122\/wp-content\/uploads\/2020\/04\/Dr_Vadasz_Andras-4-683x1024.jpg\"},{\"@type\":\"WebSite\",\"@id\":\"https:\/\/vadaszandras.hu\/#website\",\"url\":\"https:\/\/vadaszandras.hu\/\",\"name\":\"dr. Vad\u00e1sz Andr\u00e1s\",\"description\":\"\",\"publisher\":{\"@id\":\"https:\/\/vadaszandras.hu\/#\/schema\/person\/b07396c76375f0ad7415333033d4659b\"},\"potentialAction\":[{\"@type\":\"SearchAction\",\"target\":{\"@type\":\"EntryPoint\",\"urlTemplate\":\"https:\/\/vadaszandras.hu\/?s={search_term_string}\"},\"query-input\":{\"@type\":\"PropertyValueSpecification\",\"valueRequired\":true,\"valueName\":\"search_term_string\"}}],\"inLanguage\":\"hu\"},{\"@type\":[\"Person\",\"Organization\"],\"@id\":\"https:\/\/vadaszandras.hu\/#\/schema\/person\/b07396c76375f0ad7415333033d4659b\",\"name\":\"admin\",\"image\":{\"@type\":\"ImageObject\",\"inLanguage\":\"hu\",\"@id\":\"https:\/\/vadaszandras.hu\/#\/schema\/person\/image\/\",\"url\":\"http:\/\/vadaszandras.hu\/wp-content\/uploads\/2020\/04\/icon.png\",\"contentUrl\":\"http:\/\/vadaszandras.hu\/wp-content\/uploads\/2020\/04\/icon.png\",\"width\":512,\"height\":512,\"caption\":\"admin\"},\"logo\":{\"@id\":\"https:\/\/vadaszandras.hu\/#\/schema\/person\/image\/\"},\"sameAs\":[\"http:\/\/104.155.22.190\"]}]}<\/script>\n<!-- \/ Yoast SEO Premium plugin. -->","yoast_head_json":{"title":"Kezd\u0151lap - dr. Vad\u00e1sz Andr\u00e1s","description":"Tapasztalt \u00fcgyv\u00e9di iroda Budapest X. ker\u00fclet\u00e9ben. Polg\u00e1ri jogi tan\u00e1csad\u00e1s, szerz\u0151d\u00e9sek, peres k\u00e9pviselet. K\u00e9rjen id\u0151pontot: 06-30-8573114.\"","robots":{"index":"index","follow":"follow","max-snippet":"max-snippet:-1","max-image-preview":"max-image-preview:large","max-video-preview":"max-video-preview:-1"},"canonical":"https:\/\/vadaszandras.hu\/","og_locale":"hu_HU","og_type":"article","og_title":"Kezd\u0151lap","og_description":"Tapasztalt \u00fcgyv\u00e9di iroda Budapest X. ker\u00fclet\u00e9ben. Polg\u00e1ri jogi tan\u00e1csad\u00e1s, szerz\u0151d\u00e9sek, peres k\u00e9pviselet. K\u00e9rjen id\u0151pontot: 06-30-8573114.\"","og_url":"https:\/\/vadaszandras.hu\/","og_site_name":"dr. Vad\u00e1sz Andr\u00e1s","article_modified_time":"2026-04-29T19:20:42+00:00","og_image":[{"width":1707,"height":2560,"url":"https:\/\/vadaszandras.hu\/wp-content\/uploads\/2020\/04\/Dr_Vadasz_Andras-4-scaled.jpg","type":"image\/jpeg"}],"twitter_card":"summary_large_image","twitter_misc":{"Becs\u00fclt olvas\u00e1si id\u0151":"1 perc"},"schema":{"@context":"https:\/\/schema.org","@graph":[{"@type":"WebPage","@id":"https:\/\/vadaszandras.hu\/","url":"https:\/\/vadaszandras.hu\/","name":"Kezd\u0151lap - dr. Vad\u00e1sz Andr\u00e1s","isPartOf":{"@id":"https:\/\/vadaszandras.hu\/#website"},"primaryImageOfPage":{"@id":"https:\/\/vadaszandras.hu\/#primaryimage"},"image":{"@id":"https:\/\/vadaszandras.hu\/#primaryimage"},"thumbnailUrl":"http:\/\/158.101.173.122\/wp-content\/uploads\/2020\/04\/Dr_Vadasz_Andras-4-683x1024.jpg","datePublished":"2020-04-21T18:51:57+00:00","dateModified":"2026-04-29T19:20:42+00:00","description":"Tapasztalt \u00fcgyv\u00e9di iroda Budapest X. ker\u00fclet\u00e9ben. Polg\u00e1ri jogi tan\u00e1csad\u00e1s, szerz\u0151d\u00e9sek, peres k\u00e9pviselet. K\u00e9rjen id\u0151pontot: 06-30-8573114.\"","inLanguage":"hu","potentialAction":[{"@type":"ReadAction","target":["https:\/\/vadaszandras.hu\/"]}]},{"@type":"ImageObject","inLanguage":"hu","@id":"https:\/\/vadaszandras.hu\/#primaryimage","url":"http:\/\/158.101.173.122\/wp-content\/uploads\/2020\/04\/Dr_Vadasz_Andras-4-683x1024.jpg","contentUrl":"http:\/\/158.101.173.122\/wp-content\/uploads\/2020\/04\/Dr_Vadasz_Andras-4-683x1024.jpg"},{"@type":"WebSite","@id":"https:\/\/vadaszandras.hu\/#website","url":"https:\/\/vadaszandras.hu\/","name":"dr. Vad\u00e1sz Andr\u00e1s","description":"","publisher":{"@id":"https:\/\/vadaszandras.hu\/#\/schema\/person\/b07396c76375f0ad7415333033d4659b"},"potentialAction":[{"@type":"SearchAction","target":{"@type":"EntryPoint","urlTemplate":"https:\/\/vadaszandras.hu\/?s={search_term_string}"},"query-input":{"@type":"PropertyValueSpecification","valueRequired":true,"valueName":"search_term_string"}}],"inLanguage":"hu"},{"@type":["Person","Organization"],"@id":"https:\/\/vadaszandras.hu\/#\/schema\/person\/b07396c76375f0ad7415333033d4659b","name":"admin","image":{"@type":"ImageObject","inLanguage":"hu","@id":"https:\/\/vadaszandras.hu\/#\/schema\/person\/image\/","url":"http:\/\/vadaszandras.hu\/wp-content\/uploads\/2020\/04\/icon.png","contentUrl":"http:\/\/vadaszandras.hu\/wp-content\/uploads\/2020\/04\/icon.png","width":512,"height":512,"caption":"admin"},"logo":{"@id":"https:\/\/vadaszandras.hu\/#\/schema\/person\/image\/"},"sameAs":["http:\/\/104.155.22.190"]}]}},"_links":{"self":[{"href":"https:\/\/vadaszandras.hu\/index.php\/wp-json\/wp\/v2\/pages\/203","targetHints":{"allow":["GET"]}}],"collection":[{"href":"https:\/\/vadaszandras.hu\/index.php\/wp-json\/wp\/v2\/pages"}],"about":[{"href":"https:\/\/vadaszandras.hu\/index.php\/wp-json\/wp\/v2\/types\/page"}],"author":[{"embeddable":true,"href":"https:\/\/vadaszandras.hu\/index.php\/wp-json\/wp\/v2\/users\/1"}],"replies":[{"embeddable":true,"href":"https:\/\/vadaszandras.hu\/index.php\/wp-json\/wp\/v2\/comments?post=203"}],"version-history":[{"count":7,"href":"https:\/\/vadaszandras.hu\/index.php\/wp-json\/wp\/v2\/pages\/203\/revisions"}],"predecessor-version":[{"id":223,"href":"https:\/\/vadaszandras.hu\/index.php\/wp-json\/wp\/v2\/pages\/203\/revisions\/223"}],"wp:attachment":[{"href":"https:\/\/vadaszandras.hu\/index.php\/wp-json\/wp\/v2\/media?parent=203"}],"curies":[{"name":"wp","href":"https:\/\/api.w.org\/{rel}","templated":true}]}}