{"id":49,"date":"2020-04-06T17:43:07","date_gmt":"2020-04-06T17:43:07","guid":{"rendered":"http:\/\/104.155.22.190\/?page_id=49"},"modified":"2020-06-06T15:11:18","modified_gmt":"2020-06-06T15:11:18","slug":"szakteruletem","status":"publish","type":"page","link":"https:\/\/vadaszandras.hu\/index.php\/szakteruletem\/","title":{"rendered":"Szakter\u00fcleteim"},"content":{"rendered":"<div class=\"carousel-slider-outer carousel-slider-outer-image-carousel carousel-slider-outer-161\" style=\"--carousel-slider-nav-color:#f1f1f1;--carousel-slider-active-nav-color:#00d1b2;--carousel-slider-arrow-size:48px;--carousel-slider-bullet-size:10px\">\n<div id=\"&#039;id-161\" class=\"carousel-slider carousel-slider-161 arrows-visibility-hover dots-visibility-never arrows-outside dots-center dots-square owl-carousel\" data-slide-type=\"image-carousel\" data-owl-settings='{\"nav\":true,\"dots\":false,\"slideBy\":1,\"stagePadding\":0,\"margin\":10,\"loop\":true,\"lazyLoad\":false,\"autoplay\":true,\"autoplayTimeout\":4000,\"autoplaySpeed\":500,\"autoplayHoverPause\":true,\"autoWidth\":false,\"responsive\":{\"300\":{\"items\":1},\"576\":{\"items\":2},\"768\":{\"items\":2},\"1024\":{\"items\":3},\"1280\":{\"items\":4},\"1536\":{\"items\":5}}}'>\n<div class=\"carousel-slider__item\">\n\t<a href=\"http:\/\/vadaszandras.hu\/index.php\/ingatlan-jog\/\" target=\"_self\"><img loading=\"lazy\" decoding=\"async\" width=\"580\" height=\"435\" src=\"https:\/\/vadaszandras.hu\/wp-content\/uploads\/2020\/04\/ingatlanjog-768x576.jpg\" class=\"attachment-medium_large size-medium_large\" alt=\"\" srcset=\"https:\/\/vadaszandras.hu\/wp-content\/uploads\/2020\/04\/ingatlanjog-768x576.jpg 768w, https:\/\/vadaszandras.hu\/wp-content\/uploads\/2020\/04\/ingatlanjog-300x225.jpg 300w, https:\/\/vadaszandras.hu\/wp-content\/uploads\/2020\/04\/ingatlanjog-1024x768.jpg 1024w, https:\/\/vadaszandras.hu\/wp-content\/uploads\/2020\/04\/ingatlanjog-1536x1152.jpg 1536w, https:\/\/vadaszandras.hu\/wp-content\/uploads\/2020\/04\/ingatlanjog-2048x1536.jpg 2048w, https:\/\/vadaszandras.hu\/wp-content\/uploads\/2020\/04\/ingatlanjog-1200x900.jpg 1200w, https:\/\/vadaszandras.hu\/wp-content\/uploads\/2020\/04\/ingatlanjog-1980x1485.jpg 1980w\" sizes=\"auto, (max-width: 580px) 100vw, 580px\" \/><\/a><\/div>\n\n<div class=\"carousel-slider__item\">\n\t<a href=\"http:\/\/vadaszandras.hu\/index.php\/csaladi-jog\/\" target=\"_self\"><img loading=\"lazy\" decoding=\"async\" width=\"580\" height=\"435\" src=\"https:\/\/vadaszandras.hu\/wp-content\/uploads\/2020\/04\/csaladjog-768x576.jpg\" class=\"attachment-medium_large size-medium_large\" alt=\"\" srcset=\"https:\/\/vadaszandras.hu\/wp-content\/uploads\/2020\/04\/csaladjog-768x576.jpg 768w, https:\/\/vadaszandras.hu\/wp-content\/uploads\/2020\/04\/csaladjog-300x225.jpg 300w, https:\/\/vadaszandras.hu\/wp-content\/uploads\/2020\/04\/csaladjog-1024x768.jpg 1024w, https:\/\/vadaszandras.hu\/wp-content\/uploads\/2020\/04\/csaladjog-1536x1152.jpg 1536w, https:\/\/vadaszandras.hu\/wp-content\/uploads\/2020\/04\/csaladjog-2048x1536.jpg 2048w, https:\/\/vadaszandras.hu\/wp-content\/uploads\/2020\/04\/csaladjog-1200x900.jpg 1200w, https:\/\/vadaszandras.hu\/wp-content\/uploads\/2020\/04\/csaladjog-1980x1485.jpg 1980w\" sizes=\"auto, (max-width: 580px) 100vw, 580px\" \/><\/a><\/div>\n\n<div class=\"carousel-slider__item\">\n\t<a href=\"http:\/\/vadaszandras.hu\/index.php\/tarsasagi-jog\/\" target=\"_self\"><img loading=\"lazy\" decoding=\"async\" width=\"580\" height=\"435\" src=\"https:\/\/vadaszandras.hu\/wp-content\/uploads\/2020\/04\/tarsasagi-768x576.png\" class=\"attachment-medium_large size-medium_large\" alt=\"\" srcset=\"https:\/\/vadaszandras.hu\/wp-content\/uploads\/2020\/04\/tarsasagi-768x576.png 768w, https:\/\/vadaszandras.hu\/wp-content\/uploads\/2020\/04\/tarsasagi-300x225.png 300w, https:\/\/vadaszandras.hu\/wp-content\/uploads\/2020\/04\/tarsasagi-1024x768.png 1024w, https:\/\/vadaszandras.hu\/wp-content\/uploads\/2020\/04\/tarsasagi-1536x1152.png 1536w, https:\/\/vadaszandras.hu\/wp-content\/uploads\/2020\/04\/tarsasagi-2048x1536.png 2048w, https:\/\/vadaszandras.hu\/wp-content\/uploads\/2020\/04\/tarsasagi-1200x900.png 1200w, https:\/\/vadaszandras.hu\/wp-content\/uploads\/2020\/04\/tarsasagi-1980x1485.png 1980w\" sizes=\"auto, (max-width: 580px) 100vw, 580px\" \/><\/a><\/div>\n\n<div class=\"carousel-slider__item\">\n\t<a href=\"http:\/\/vadaszandras.hu\/index.php\/polgari-jog\/\" target=\"_self\"><img loading=\"lazy\" decoding=\"async\" width=\"580\" height=\"435\" src=\"https:\/\/vadaszandras.hu\/wp-content\/uploads\/2020\/04\/polgari-1-768x576.jpg\" class=\"attachment-medium_large size-medium_large\" alt=\"\" srcset=\"https:\/\/vadaszandras.hu\/wp-content\/uploads\/2020\/04\/polgari-1-768x576.jpg 768w, https:\/\/vadaszandras.hu\/wp-content\/uploads\/2020\/04\/polgari-1-300x225.jpg 300w, https:\/\/vadaszandras.hu\/wp-content\/uploads\/2020\/04\/polgari-1-1024x768.jpg 1024w, https:\/\/vadaszandras.hu\/wp-content\/uploads\/2020\/04\/polgari-1-1536x1152.jpg 1536w, https:\/\/vadaszandras.hu\/wp-content\/uploads\/2020\/04\/polgari-1-2048x1536.jpg 2048w, https:\/\/vadaszandras.hu\/wp-content\/uploads\/2020\/04\/polgari-1-1200x900.jpg 1200w, https:\/\/vadaszandras.hu\/wp-content\/uploads\/2020\/04\/polgari-1-1980x1485.jpg 1980w\" sizes=\"auto, (max-width: 580px) 100vw, 580px\" \/><\/a><\/div>\n\n<div class=\"carousel-slider__item\">\n\t<a href=\"http:\/\/vadaszandras.hu\/index.php\/bunteto-jog\/\" target=\"_self\"><img loading=\"lazy\" decoding=\"async\" width=\"580\" height=\"435\" src=\"https:\/\/vadaszandras.hu\/wp-content\/uploads\/2020\/04\/bunteto-768x576.png\" class=\"attachment-medium_large size-medium_large\" alt=\"\" srcset=\"https:\/\/vadaszandras.hu\/wp-content\/uploads\/2020\/04\/bunteto-768x576.png 768w, https:\/\/vadaszandras.hu\/wp-content\/uploads\/2020\/04\/bunteto-300x225.png 300w, https:\/\/vadaszandras.hu\/wp-content\/uploads\/2020\/04\/bunteto-1024x768.png 1024w, https:\/\/vadaszandras.hu\/wp-content\/uploads\/2020\/04\/bunteto-1536x1152.png 1536w, https:\/\/vadaszandras.hu\/wp-content\/uploads\/2020\/04\/bunteto-2048x1536.png 2048w, https:\/\/vadaszandras.hu\/wp-content\/uploads\/2020\/04\/bunteto-1200x900.png 1200w, https:\/\/vadaszandras.hu\/wp-content\/uploads\/2020\/04\/bunteto-1980x1485.png 1980w\" sizes=\"auto, (max-width: 580px) 100vw, 580px\" \/><\/a><\/div>\n\n<\/div><!-- .carousel-slider-161 -->\n<\/div><!-- .carousel-slider-outer-161 -->\n\n\n\n\n<p><\/p>\n","protected":false},"excerpt":{"rendered":"","protected":false},"author":1,"featured_media":0,"parent":0,"menu_order":0,"comment_status":"closed","ping_status":"closed","template":"","meta":{"_editorskit_title_hidden":false,"_editorskit_reading_time":1,"_editorskit_is_block_options_detached":false,"_editorskit_block_options_position":"{}","footnotes":""},"class_list":["post-49","page","type-page","status-publish","hentry"],"yoast_head":"<!-- This site is optimized with the Yoast SEO Premium plugin v24.7 (Yoast SEO v24.7) - https:\/\/yoast.com\/wordpress\/plugins\/seo\/ -->\n<title>Szakter\u00fcleteim - dr. Vad\u00e1sz Andr\u00e1s<\/title>\n<meta name=\"description\" content=\"Vegyes profil\u00fa \u00fcgyv\u00e9d D\u00e9l-Pesten. B\u00fcntet\u0151jog, csal\u00e1di jog, polg\u00e1ri jog, ingatlanjog, t\u00e1rsas\u00e1gi jog ter\u00fclet\u00e9n..\" \/>\n<meta name=\"robots\" content=\"index, follow, max-snippet:-1, max-image-preview:large, max-video-preview:-1\" \/>\n<link rel=\"canonical\" href=\"https:\/\/vadaszandras.hu\/index.php\/szakteruletem\/\" \/>\n<meta property=\"og:locale\" content=\"hu_HU\" \/>\n<meta property=\"og:type\" content=\"article\" \/>\n<meta property=\"og:title\" content=\"Szakter\u00fcleteim\" \/>\n<meta property=\"og:description\" content=\"Vegyes profil\u00fa \u00fcgyv\u00e9d D\u00e9l-Pesten. B\u00fcntet\u0151jog, csal\u00e1di jog, polg\u00e1ri jog, ingatlanjog, t\u00e1rsas\u00e1gi jog ter\u00fclet\u00e9n..\" \/>\n<meta property=\"og:url\" content=\"https:\/\/vadaszandras.hu\/index.php\/szakteruletem\/\" \/>\n<meta property=\"og:site_name\" content=\"dr. Vad\u00e1sz Andr\u00e1s\" \/>\n<meta property=\"article:modified_time\" content=\"2020-06-06T15:11:18+00:00\" \/>\n<meta name=\"twitter:card\" content=\"summary_large_image\" \/>\n<script type=\"application\/ld+json\" class=\"yoast-schema-graph\">{\"@context\":\"https:\/\/schema.org\",\"@graph\":[{\"@type\":\"WebPage\",\"@id\":\"https:\/\/vadaszandras.hu\/index.php\/szakteruletem\/\",\"url\":\"https:\/\/vadaszandras.hu\/index.php\/szakteruletem\/\",\"name\":\"Szakter\u00fcleteim - dr. Vad\u00e1sz Andr\u00e1s\",\"isPartOf\":{\"@id\":\"https:\/\/vadaszandras.hu\/#website\"},\"datePublished\":\"2020-04-06T17:43:07+00:00\",\"dateModified\":\"2020-06-06T15:11:18+00:00\",\"description\":\"Vegyes profil\u00fa \u00fcgyv\u00e9d D\u00e9l-Pesten. B\u00fcntet\u0151jog, csal\u00e1di jog, polg\u00e1ri jog, ingatlanjog, t\u00e1rsas\u00e1gi jog ter\u00fclet\u00e9n..\",\"inLanguage\":\"hu\",\"potentialAction\":[{\"@type\":\"ReadAction\",\"target\":[\"https:\/\/vadaszandras.hu\/index.php\/szakteruletem\/\"]}]},{\"@type\":\"WebSite\",\"@id\":\"https:\/\/vadaszandras.hu\/#website\",\"url\":\"https:\/\/vadaszandras.hu\/\",\"name\":\"dr. Vad\u00e1sz Andr\u00e1s\",\"description\":\"\",\"publisher\":{\"@id\":\"https:\/\/vadaszandras.hu\/#\/schema\/person\/b07396c76375f0ad7415333033d4659b\"},\"potentialAction\":[{\"@type\":\"SearchAction\",\"target\":{\"@type\":\"EntryPoint\",\"urlTemplate\":\"https:\/\/vadaszandras.hu\/?s={search_term_string}\"},\"query-input\":{\"@type\":\"PropertyValueSpecification\",\"valueRequired\":true,\"valueName\":\"search_term_string\"}}],\"inLanguage\":\"hu\"},{\"@type\":[\"Person\",\"Organization\"],\"@id\":\"https:\/\/vadaszandras.hu\/#\/schema\/person\/b07396c76375f0ad7415333033d4659b\",\"name\":\"admin\",\"image\":{\"@type\":\"ImageObject\",\"inLanguage\":\"hu\",\"@id\":\"https:\/\/vadaszandras.hu\/#\/schema\/person\/image\/\",\"url\":\"http:\/\/vadaszandras.hu\/wp-content\/uploads\/2020\/04\/icon.png\",\"contentUrl\":\"http:\/\/vadaszandras.hu\/wp-content\/uploads\/2020\/04\/icon.png\",\"width\":512,\"height\":512,\"caption\":\"admin\"},\"logo\":{\"@id\":\"https:\/\/vadaszandras.hu\/#\/schema\/person\/image\/\"},\"sameAs\":[\"http:\/\/104.155.22.190\"]}]}<\/script>\n<!-- \/ Yoast SEO Premium plugin. -->","yoast_head_json":{"title":"Szakter\u00fcleteim - dr. Vad\u00e1sz Andr\u00e1s","description":"Vegyes profil\u00fa \u00fcgyv\u00e9d D\u00e9l-Pesten. B\u00fcntet\u0151jog, csal\u00e1di jog, polg\u00e1ri jog, ingatlanjog, t\u00e1rsas\u00e1gi jog ter\u00fclet\u00e9n..","robots":{"index":"index","follow":"follow","max-snippet":"max-snippet:-1","max-image-preview":"max-image-preview:large","max-video-preview":"max-video-preview:-1"},"canonical":"https:\/\/vadaszandras.hu\/index.php\/szakteruletem\/","og_locale":"hu_HU","og_type":"article","og_title":"Szakter\u00fcleteim","og_description":"Vegyes profil\u00fa \u00fcgyv\u00e9d D\u00e9l-Pesten. B\u00fcntet\u0151jog, csal\u00e1di jog, polg\u00e1ri jog, ingatlanjog, t\u00e1rsas\u00e1gi jog ter\u00fclet\u00e9n..","og_url":"https:\/\/vadaszandras.hu\/index.php\/szakteruletem\/","og_site_name":"dr. Vad\u00e1sz Andr\u00e1s","article_modified_time":"2020-06-06T15:11:18+00:00","twitter_card":"summary_large_image","schema":{"@context":"https:\/\/schema.org","@graph":[{"@type":"WebPage","@id":"https:\/\/vadaszandras.hu\/index.php\/szakteruletem\/","url":"https:\/\/vadaszandras.hu\/index.php\/szakteruletem\/","name":"Szakter\u00fcleteim - dr. Vad\u00e1sz Andr\u00e1s","isPartOf":{"@id":"https:\/\/vadaszandras.hu\/#website"},"datePublished":"2020-04-06T17:43:07+00:00","dateModified":"2020-06-06T15:11:18+00:00","description":"Vegyes profil\u00fa \u00fcgyv\u00e9d D\u00e9l-Pesten. B\u00fcntet\u0151jog, csal\u00e1di jog, polg\u00e1ri jog, ingatlanjog, t\u00e1rsas\u00e1gi jog ter\u00fclet\u00e9n..","inLanguage":"hu","potentialAction":[{"@type":"ReadAction","target":["https:\/\/vadaszandras.hu\/index.php\/szakteruletem\/"]}]},{"@type":"WebSite","@id":"https:\/\/vadaszandras.hu\/#website","url":"https:\/\/vadaszandras.hu\/","name":"dr. Vad\u00e1sz Andr\u00e1s","description":"","publisher":{"@id":"https:\/\/vadaszandras.hu\/#\/schema\/person\/b07396c76375f0ad7415333033d4659b"},"potentialAction":[{"@type":"SearchAction","target":{"@type":"EntryPoint","urlTemplate":"https:\/\/vadaszandras.hu\/?s={search_term_string}"},"query-input":{"@type":"PropertyValueSpecification","valueRequired":true,"valueName":"search_term_string"}}],"inLanguage":"hu"},{"@type":["Person","Organization"],"@id":"https:\/\/vadaszandras.hu\/#\/schema\/person\/b07396c76375f0ad7415333033d4659b","name":"admin","image":{"@type":"ImageObject","inLanguage":"hu","@id":"https:\/\/vadaszandras.hu\/#\/schema\/person\/image\/","url":"http:\/\/vadaszandras.hu\/wp-content\/uploads\/2020\/04\/icon.png","contentUrl":"http:\/\/vadaszandras.hu\/wp-content\/uploads\/2020\/04\/icon.png","width":512,"height":512,"caption":"admin"},"logo":{"@id":"https:\/\/vadaszandras.hu\/#\/schema\/person\/image\/"},"sameAs":["http:\/\/104.155.22.190"]}]}},"_links":{"self":[{"href":"https:\/\/vadaszandras.hu\/index.php\/wp-json\/wp\/v2\/pages\/49","targetHints":{"allow":["GET"]}}],"collection":[{"href":"https:\/\/vadaszandras.hu\/index.php\/wp-json\/wp\/v2\/pages"}],"about":[{"href":"https:\/\/vadaszandras.hu\/index.php\/wp-json\/wp\/v2\/types\/page"}],"author":[{"embeddable":true,"href":"https:\/\/vadaszandras.hu\/index.php\/wp-json\/wp\/v2\/users\/1"}],"replies":[{"embeddable":true,"href":"https:\/\/vadaszandras.hu\/index.php\/wp-json\/wp\/v2\/comments?post=49"}],"version-history":[{"count":13,"href":"https:\/\/vadaszandras.hu\/index.php\/wp-json\/wp\/v2\/pages\/49\/revisions"}],"predecessor-version":[{"id":253,"href":"https:\/\/vadaszandras.hu\/index.php\/wp-json\/wp\/v2\/pages\/49\/revisions\/253"}],"wp:attachment":[{"href":"https:\/\/vadaszandras.hu\/index.php\/wp-json\/wp\/v2\/media?parent=49"}],"curies":[{"name":"wp","href":"https:\/\/api.w.org\/{rel}","templated":true}]}}